{"id":1563,"date":"2018-07-31T13:56:33","date_gmt":"2018-07-31T13:56:33","guid":{"rendered":"http:\/\/hoverex.themerex.net\/privacy-policy\/"},"modified":"2019-04-22T23:30:15","modified_gmt":"2019-04-22T23:30:15","slug":"privacy-policy","status":"publish","type":"page","link":"https:\/\/techworld.com.mx\/en\/privacy-policy\/","title":{"rendered":"Notice of Privacy"},"content":{"rendered":"<section class=\"wpb-content-wrapper\"><div class=\"vc_row wpb_row vc_row-fluid vc_custom_1527690588959 vc_row-has-fill\"><div class=\"wpb_column vc_column_container vc_col-sm-12 sc_layouts_column_icons_position_left\"><div class=\"vc_column-inner\"><div class=\"wpb_wrapper\"><div class=\"vc_empty_space\"   style=\"height: 4em\"><span class=\"vc_empty_space_inner\"><\/span><\/div><div id=\"sc_content_1281507609\"\n\t\tclass=\"sc_content color_style_default sc_content_default sc_float_center p70\"><div class=\"sc_content_container\">\n\t<div class=\"wpb_text_column wpb_content_element\" >\n\t\t<div class=\"wpb_wrapper\">\n\t\t\t<p><span style=\"font-weight: 400;\"><span style=\"color: #000000;\">TECHWORLD<\/span> manifiesta su responsabilidad en la recopilaci\u00f3n de sus datos personales, del uso que se le d\u00e9 a los mismos y de su protecci\u00f3n.<br \/>\n<\/span><\/p>\n<p><span style=\"font-weight: 400;\">Sus datos personales ser\u00e1n utilizados para las siguientes finalidades: INFORMATIVO.<br \/>\n<\/span><\/p>\n<p><span style=\"font-weight: 400;\">Para las finalidades se\u00f1aladas en el presente aviso de privacidad, podemos recabar sus datos personales de distintas formas a saber: V\u00eda electr\u00f3nica (web, e-mail, chat, encuestas en l\u00ednea, etc.).<br \/>\n<\/span><\/p>\n<p><span style=\"font-weight: 400;\">Para las finalidades antes mencionadas, requerimos obtener los siguientes datos personales:<br \/>\n<\/span><\/p>\n<p><span style=\"font-weight: 400;\">Nombre, Apellido Paterno, Apellido Materno, Tel\u00e9fono, E-mail, RFC, Sexo, Nivel de escolaridad.<br \/>\n<\/span><\/p>\n<p><span style=\"font-weight: 400;\">No recabamos datos sensibles.<br \/>\n<\/span><\/p>\n<p><span style=\"font-weight: 400;\">Usted tiene derecho de acceder, rectificar y cancelar sus datos personales, as\u00ed como de oponerse al tratamiento de los mismos o revocar el consentimiento que para tal fin nos haya otorgado, a trav\u00e9s de los procedimientos que hemos implementado.<br \/>\n<\/span><\/p>\n<p><span style=\"font-weight: 400;\">Para conocer dichos procedimientos, requisitos y plazos, se puede poner en contacto por correo electr\u00f3nico arco@techworld.com.mx, o visitar nuestra p\u00e1gina de Internet www.techworld.com.mx.<\/span><\/p>\n\n\t\t<\/div>\n\t<\/div>\n<\/div><\/div><!-- \/.sc_content --><div class=\"vc_empty_space\"   style=\"height: 4em\"><span class=\"vc_empty_space_inner\"><\/span><\/div><\/div><\/div><\/div><\/div><div class=\"vc_row wpb_row vc_row-fluid\"><div class=\"wpb_column vc_column_container vc_col-sm-12 sc_layouts_column_icons_position_left\"><div class=\"vc_column-inner\"><div class=\"wpb_wrapper\"><div class=\"vc_empty_space\"   style=\"height: 70px\"><span class=\"vc_empty_space_inner\"><\/span><\/div><\/div><\/div><\/div><\/div><div class=\"vc_row wpb_row vc_row-fluid vc_custom_1527690611459 vc_row-has-fill\"><div class=\"wpb_column vc_column_container vc_col-sm-12 sc_layouts_column_icons_position_left\"><div class=\"vc_column-inner\"><div class=\"wpb_wrapper\"><div class=\"vc_empty_space\"   style=\"height: 4em\"><span class=\"vc_empty_space_inner\"><\/span><\/div><div id=\"sc_content_1582292043\"\n\t\tclass=\"sc_content color_style_default sc_content_default sc_float_center p70\"><div class=\"sc_content_container\">\n\t<div class=\"wpb_text_column wpb_content_element\" >\n\t\t<div class=\"wpb_wrapper\">\n\t\t\t<h5 style=\"color: #607290;\">Uso de Cookies y Web Beacons<\/h5>\n<p>Con el objetivo de mejorar la experiencia de los usuarios en nuestro sitio de internet \u201cEl Responsable\u201d podr\u00e1 utilizar &#8220;cookies&#8221;. Para efectos del presente Aviso de Privacidad &#8220;cookies&#8221; se identificar\u00e1 como los archivos de texto de informaci\u00f3n que un sitio web trasfiere al disco duro de la computadora de los usuarios con el objeto de almacenar ciertos registros y preferencias. El Sitio puede permitir publicidad o funciones de terceros que env\u00eden &#8220;cookies&#8221; a las computadoras de los usuarios. Mediante el uso de &#8220;cookies&#8221; no se identifica personalmente a los usuarios, \u00fanicamente a sus computadoras. Por su parte, las &#8220;web beacons&#8221; son im\u00e1genes insertadas en una p\u00e1gina de Internet o correo electr\u00f3nico que pueden ser utilizadas para monitorear el comportamiento de un visitante, como almacenar informaci\u00f3n sobre la direcci\u00f3n IP del usuario, duraci\u00f3n del tiempo de interacci\u00f3n en el Sitio y el tipo de navegador utilizado, entre otros.<\/p>\n<p>Los usuarios podr\u00e1n cambiar sus opciones a trav\u00e9s de sus equipos de c\u00f3mputo y\/o navegador para dejar de aceptar &#8220;cookies&#8221; y\/o &#8220;web beacons&#8221; o bien confirmar si aceptan o no las mismas.<\/p>\n<p>Le informamos que nosotros no realizamos transferencia a terceros. Si usted desea dejar de recibir mensajes promocionales de nuestra parte puede solicitarlo a trav\u00e9s del correo electr\u00f3nico arco@techworld.com.mx<\/p>\n\n\t\t<\/div>\n\t<\/div>\n<\/div><\/div><!-- \/.sc_content --><div class=\"vc_empty_space\"   style=\"height: 4em\"><span class=\"vc_empty_space_inner\"><\/span><\/div><\/div><\/div><\/div><\/div><div class=\"vc_row wpb_row vc_row-fluid\"><div class=\"wpb_column vc_column_container vc_col-sm-12 sc_layouts_column_icons_position_left\"><div class=\"vc_column-inner\"><div class=\"wpb_wrapper\"><div class=\"vc_empty_space\"   style=\"height: 70px\"><span class=\"vc_empty_space_inner\"><\/span><\/div><\/div><\/div><\/div><\/div><div class=\"vc_row wpb_row vc_row-fluid vc_custom_1527690611459 vc_row-has-fill\"><div class=\"wpb_column vc_column_container vc_col-sm-12 sc_layouts_column_icons_position_left\"><div class=\"vc_column-inner\"><div class=\"wpb_wrapper\"><div class=\"vc_empty_space\"   style=\"height: 4em\"><span class=\"vc_empty_space_inner\"><\/span><\/div><div id=\"sc_content_877893368\"\n\t\tclass=\"sc_content color_style_default sc_content_default sc_float_center p70\"><div class=\"sc_content_container\">\n\t<div class=\"wpb_text_column wpb_content_element\" >\n\t\t<div class=\"wpb_wrapper\">\n\t\t\t<h5 style=\"color: #607290;\">Modificaciones al aviso de privacidad<\/h5>\n<p><span style=\"font-weight: 400;\">Nos reservamos el derecho de efectuar en cualquier momento modificaciones o actualizaciones al presente aviso de privacidad, para la atenci\u00f3n de novedades legislativas o jurisprudenciales, pol\u00edticas internas, nuevos requerimientos para la prestaci\u00f3n u ofrecimiento de nuestros servicios o productos y pr\u00e1cticas del mercado. Estas modificaciones estar\u00e1n disponibles en nuestro sitio de internet antes mencionado, o se las haremos llegar al \u00faltimo correo electr\u00f3nico que nos haya proporcionado.<br \/>\n<\/span><\/p>\n<p><span style=\"font-weight: 400;\"><span class=\"trx_addons_dark\" style=\"color: #000000;\">Derecho de promover los procedimientos <\/span>de protecci\u00f3n de derechos y de verificaci\u00f3n que sustancia el Instituto Si usted considera que su derecho ha sido lesionado por alguna conducta<br \/>\nde nuestros empleados o de nuestras actuaciones o respuestas, presume que en el tratamiento de sus datos personales existe alguna violaci\u00f3n a las disposiciones previstas en la Ley Federal de Protecci\u00f3n de Datos Personales en Posesi\u00f3n de los Particulares, podr\u00e1 interponer la queja o denuncia correspondiente ante el IFAI. Para mayor informaci\u00f3n visite www.ifai.org.mx<br \/>\n<\/span><\/p>\n<p><span style=\"font-weight: 400;\">Cualquier modificaci\u00f3n a este aviso de privacidad podr\u00e1 consultarla en www.techworld.com.mx<br \/>\nM\u00e9xico<\/span><\/p>\n\n\t\t<\/div>\n\t<\/div>\n<\/div><\/div><!-- \/.sc_content --><div class=\"vc_empty_space\"   style=\"height: 4em\"><span class=\"vc_empty_space_inner\"><\/span><\/div><\/div><\/div><\/div><\/div>\n<\/section>","protected":false},"excerpt":{"rendered":"TECHWORLD manifiesta su responsabilidad en la recopilaci\u00f3n de sus datos personales, del uso que se le d\u00e9 a los mismos y de su protecci\u00f3n. Sus datos personales ser\u00e1n utilizados para las siguientes finalidades: INFORMATIVO. Para las finalidades se\u00f1aladas en el&hellip;","protected":false},"author":1,"featured_media":0,"parent":0,"menu_order":0,"comment_status":"closed","ping_status":"closed","template":"","meta":{"footnotes":""},"class_list":["post-1563","page","type-page","status-publish","hentry"],"_links":{"self":[{"href":"https:\/\/techworld.com.mx\/en\/wp-json\/wp\/v2\/pages\/1563","targetHints":{"allow":["GET"]}}],"collection":[{"href":"https:\/\/techworld.com.mx\/en\/wp-json\/wp\/v2\/pages"}],"about":[{"href":"https:\/\/techworld.com.mx\/en\/wp-json\/wp\/v2\/types\/page"}],"author":[{"embeddable":true,"href":"https:\/\/techworld.com.mx\/en\/wp-json\/wp\/v2\/users\/1"}],"replies":[{"embeddable":true,"href":"https:\/\/techworld.com.mx\/en\/wp-json\/wp\/v2\/comments?post=1563"}],"version-history":[{"count":4,"href":"https:\/\/techworld.com.mx\/en\/wp-json\/wp\/v2\/pages\/1563\/revisions"}],"predecessor-version":[{"id":1788,"href":"https:\/\/techworld.com.mx\/en\/wp-json\/wp\/v2\/pages\/1563\/revisions\/1788"}],"wp:attachment":[{"href":"https:\/\/techworld.com.mx\/en\/wp-json\/wp\/v2\/media?parent=1563"}],"curies":[{"name":"wp","href":"https:\/\/api.w.org\/{rel}","templated":true}]}}